{"id":3472,"date":"2019-12-17T21:24:46","date_gmt":"2019-12-17T21:24:46","guid":{"rendered":"https:\/\/www.aohq.ca\/haero\/"},"modified":"2020-01-28T01:35:55","modified_gmt":"2020-01-28T01:35:55","slug":"haero","status":"publish","type":"page","link":"https:\/\/www.aohq.ca\/en\/haero\/","title":{"rendered":"HAERO"},"content":{"rendered":"<p><script src=\"https:\/\/www.aohq.ca\/jquery.rwdImageMaps.min.js\"><\/script><img decoding=\"async\" class=\"alignnone size-large wp-image-3445\" style=\"max-width: 100%;\" src=\"https:\/\/www.aohq.ca\/wp-content\/uploads\/2020\/01\/haero-1-1024x740.jpg\" alt=\"\" usemap=\"#Map\" width=\"1024\" srcset=\"https:\/\/www.aohq.ca\/wp-content\/uploads\/2020\/01\/haero-1-1024x740.jpg 1024w, https:\/\/www.aohq.ca\/wp-content\/uploads\/2020\/01\/haero-1-300x217.jpg 300w, https:\/\/www.aohq.ca\/wp-content\/uploads\/2020\/01\/haero-1-768x555.jpg 768w, https:\/\/www.aohq.ca\/wp-content\/uploads\/2020\/01\/haero-1-1536x1110.jpg 1536w, https:\/\/www.aohq.ca\/wp-content\/uploads\/2020\/01\/haero-1.jpg 1728w\" sizes=\"(max-width: 1024px) 100vw, 1024px\" \/><\/p>\n<map name=\"Map\">\n<area coords=\"752,505,912,564\" shape=\"rect\" href=\"https:\/\/play.google.com\/store\/apps\/details?id=com.myhaero.haero&amp;hl=en\" target=\"_blank\" \/>\n<area coords=\"450,506,614,566\" shape=\"rect\" href=\"https:\/\/apps.apple.com\/us\/app\/haero\/id1495940876?ls=1\" target=\"_blank\" \/>\n<area coords=\"829,665,937,702\" shape=\"rect\" href=\"https:\/\/www.aohq.ca\/newsletter\/eng.html\" target=\"_blank\" \/>\n<area coords=\"675,663,828,701\" shape=\"rect\" href=\"https:\/\/www.aohq.ca\/newsletter\/fr.html\" target=\"_blank\" \/> <\/map>\n<p><script>\njQuery(document).ready(function(e) {\n    jQuery('img[usemap]').rwdImageMaps();\n});\n<\/script><\/p>\n","protected":false},"excerpt":{"rendered":"","protected":false},"author":1,"featured_media":0,"parent":0,"menu_order":0,"comment_status":"closed","ping_status":"closed","template":"","meta":{"_acf_changed":false,"footnotes":""},"class_list":["post-3472","page","type-page","status-publish","hentry"],"acf":[],"yoast_head":"<!-- This site is optimized with the Yoast SEO plugin v27.6 - https:\/\/yoast.com\/product\/yoast-seo-wordpress\/ -->\n<title>HAERO - Angio-oed\u00e8me H\u00e9r\u00e9ditaire du Qu\u00e9bec<\/title>\n<meta name=\"robots\" content=\"index, follow, max-snippet:-1, max-image-preview:large, max-video-preview:-1\" \/>\n<link rel=\"canonical\" href=\"https:\/\/www.aohq.ca\/haero\/\" \/>\n<meta property=\"og:locale\" content=\"en_US\" \/>\n<meta property=\"og:type\" content=\"article\" \/>\n<meta property=\"og:title\" content=\"HAERO - Angio-oed\u00e8me H\u00e9r\u00e9ditaire du Qu\u00e9bec\" \/>\n<meta property=\"og:url\" content=\"https:\/\/www.aohq.ca\/haero\/\" \/>\n<meta property=\"og:site_name\" content=\"Angio-oed\u00e8me H\u00e9r\u00e9ditaire du Qu\u00e9bec\" \/>\n<meta property=\"article:publisher\" content=\"https:\/\/www.facebook.com\/aohquebec\/\" \/>\n<meta property=\"article:modified_time\" content=\"2020-01-28T01:35:55+00:00\" \/>\n<meta property=\"og:image\" content=\"https:\/\/www.aohq.ca\/wp-content\/uploads\/2020\/01\/haero-1-1024x740.jpg\" \/>\n<meta name=\"twitter:card\" content=\"summary_large_image\" \/>\n<meta name=\"twitter:site\" content=\"@aoh_quebec\" \/>\n<script type=\"application\/ld+json\" class=\"yoast-schema-graph\">{\"@context\":\"https:\\\/\\\/schema.org\",\"@graph\":[{\"@type\":\"WebPage\",\"@id\":\"https:\\\/\\\/www.aohq.ca\\\/haero\\\/\",\"url\":\"https:\\\/\\\/www.aohq.ca\\\/haero\\\/\",\"name\":\"HAERO - Angio-oed\u00e8me H\u00e9r\u00e9ditaire du Qu\u00e9bec\",\"isPartOf\":{\"@id\":\"https:\\\/\\\/www.aohq.ca\\\/#website\"},\"primaryImageOfPage\":{\"@id\":\"https:\\\/\\\/www.aohq.ca\\\/haero\\\/#primaryimage\"},\"image\":{\"@id\":\"https:\\\/\\\/www.aohq.ca\\\/haero\\\/#primaryimage\"},\"thumbnailUrl\":\"https:\\\/\\\/www.aohq.ca\\\/wp-content\\\/uploads\\\/2020\\\/01\\\/haero-1-1024x740.jpg\",\"datePublished\":\"2019-12-17T21:24:46+00:00\",\"dateModified\":\"2020-01-28T01:35:55+00:00\",\"breadcrumb\":{\"@id\":\"https:\\\/\\\/www.aohq.ca\\\/haero\\\/#breadcrumb\"},\"inLanguage\":\"en-US\",\"potentialAction\":[{\"@type\":\"ReadAction\",\"target\":[\"https:\\\/\\\/www.aohq.ca\\\/haero\\\/\"]}]},{\"@type\":\"ImageObject\",\"inLanguage\":\"en-US\",\"@id\":\"https:\\\/\\\/www.aohq.ca\\\/haero\\\/#primaryimage\",\"url\":\"https:\\\/\\\/www.aohq.ca\\\/wp-content\\\/uploads\\\/2020\\\/01\\\/haero-1-1024x740.jpg\",\"contentUrl\":\"https:\\\/\\\/www.aohq.ca\\\/wp-content\\\/uploads\\\/2020\\\/01\\\/haero-1-1024x740.jpg\"},{\"@type\":\"BreadcrumbList\",\"@id\":\"https:\\\/\\\/www.aohq.ca\\\/haero\\\/#breadcrumb\",\"itemListElement\":[{\"@type\":\"ListItem\",\"position\":1,\"name\":\"Home\",\"item\":\"https:\\\/\\\/www.aohq.ca\\\/en\\\/\"},{\"@type\":\"ListItem\",\"position\":2,\"name\":\"HAERO\"}]},{\"@type\":\"WebSite\",\"@id\":\"https:\\\/\\\/www.aohq.ca\\\/#website\",\"url\":\"https:\\\/\\\/www.aohq.ca\\\/\",\"name\":\"Angio-oed\u00e8me H\u00e9r\u00e9ditaire du Qu\u00e9bec\",\"description\":\"Angio-oed\u00e8me H\u00e9r\u00e9ditaire du Qu\u00e9bec\",\"publisher\":{\"@id\":\"https:\\\/\\\/www.aohq.ca\\\/#organization\"},\"potentialAction\":[{\"@type\":\"SearchAction\",\"target\":{\"@type\":\"EntryPoint\",\"urlTemplate\":\"https:\\\/\\\/www.aohq.ca\\\/?s={search_term_string}\"},\"query-input\":{\"@type\":\"PropertyValueSpecification\",\"valueRequired\":true,\"valueName\":\"search_term_string\"}}],\"inLanguage\":\"en-US\"},{\"@type\":\"Organization\",\"@id\":\"https:\\\/\\\/www.aohq.ca\\\/#organization\",\"name\":\"Angio-oed\u00e8me H\u00e9r\u00e9ditaire du Qu\u00e9bec\",\"url\":\"https:\\\/\\\/www.aohq.ca\\\/\",\"logo\":{\"@type\":\"ImageObject\",\"inLanguage\":\"en-US\",\"@id\":\"https:\\\/\\\/www.aohq.ca\\\/#\\\/schema\\\/logo\\\/image\\\/\",\"url\":\"https:\\\/\\\/www.aohq.ca\\\/wp-content\\\/uploads\\\/2019\\\/06\\\/AOH-icon_3.png\",\"contentUrl\":\"https:\\\/\\\/www.aohq.ca\\\/wp-content\\\/uploads\\\/2019\\\/06\\\/AOH-icon_3.png\",\"width\":116,\"height\":63,\"caption\":\"Angio-oed\u00e8me H\u00e9r\u00e9ditaire du Qu\u00e9bec\"},\"image\":{\"@id\":\"https:\\\/\\\/www.aohq.ca\\\/#\\\/schema\\\/logo\\\/image\\\/\"},\"sameAs\":[\"https:\\\/\\\/www.facebook.com\\\/aohquebec\\\/\",\"https:\\\/\\\/x.com\\\/aoh_quebec\",\"https:\\\/\\\/www.linkedin.com\\\/in\\\/charles-st-pierre-3280aa140\\\/\",\"https:\\\/\\\/www.youtube.com\\\/channel\\\/UCErz6mzQo7Qat9YLNFdg-xw\"]}]}<\/script>\n<!-- \/ Yoast SEO plugin. -->","yoast_head_json":{"title":"HAERO - Angio-oed\u00e8me H\u00e9r\u00e9ditaire du Qu\u00e9bec","robots":{"index":"index","follow":"follow","max-snippet":"max-snippet:-1","max-image-preview":"max-image-preview:large","max-video-preview":"max-video-preview:-1"},"canonical":"https:\/\/www.aohq.ca\/haero\/","og_locale":"en_US","og_type":"article","og_title":"HAERO - Angio-oed\u00e8me H\u00e9r\u00e9ditaire du Qu\u00e9bec","og_url":"https:\/\/www.aohq.ca\/haero\/","og_site_name":"Angio-oed\u00e8me H\u00e9r\u00e9ditaire du Qu\u00e9bec","article_publisher":"https:\/\/www.facebook.com\/aohquebec\/","article_modified_time":"2020-01-28T01:35:55+00:00","og_image":[{"url":"https:\/\/www.aohq.ca\/wp-content\/uploads\/2020\/01\/haero-1-1024x740.jpg","type":"","width":"","height":""}],"twitter_card":"summary_large_image","twitter_site":"@aoh_quebec","schema":{"@context":"https:\/\/schema.org","@graph":[{"@type":"WebPage","@id":"https:\/\/www.aohq.ca\/haero\/","url":"https:\/\/www.aohq.ca\/haero\/","name":"HAERO - Angio-oed\u00e8me H\u00e9r\u00e9ditaire du Qu\u00e9bec","isPartOf":{"@id":"https:\/\/www.aohq.ca\/#website"},"primaryImageOfPage":{"@id":"https:\/\/www.aohq.ca\/haero\/#primaryimage"},"image":{"@id":"https:\/\/www.aohq.ca\/haero\/#primaryimage"},"thumbnailUrl":"https:\/\/www.aohq.ca\/wp-content\/uploads\/2020\/01\/haero-1-1024x740.jpg","datePublished":"2019-12-17T21:24:46+00:00","dateModified":"2020-01-28T01:35:55+00:00","breadcrumb":{"@id":"https:\/\/www.aohq.ca\/haero\/#breadcrumb"},"inLanguage":"en-US","potentialAction":[{"@type":"ReadAction","target":["https:\/\/www.aohq.ca\/haero\/"]}]},{"@type":"ImageObject","inLanguage":"en-US","@id":"https:\/\/www.aohq.ca\/haero\/#primaryimage","url":"https:\/\/www.aohq.ca\/wp-content\/uploads\/2020\/01\/haero-1-1024x740.jpg","contentUrl":"https:\/\/www.aohq.ca\/wp-content\/uploads\/2020\/01\/haero-1-1024x740.jpg"},{"@type":"BreadcrumbList","@id":"https:\/\/www.aohq.ca\/haero\/#breadcrumb","itemListElement":[{"@type":"ListItem","position":1,"name":"Home","item":"https:\/\/www.aohq.ca\/en\/"},{"@type":"ListItem","position":2,"name":"HAERO"}]},{"@type":"WebSite","@id":"https:\/\/www.aohq.ca\/#website","url":"https:\/\/www.aohq.ca\/","name":"Angio-oed\u00e8me H\u00e9r\u00e9ditaire du Qu\u00e9bec","description":"Angio-oed\u00e8me H\u00e9r\u00e9ditaire du Qu\u00e9bec","publisher":{"@id":"https:\/\/www.aohq.ca\/#organization"},"potentialAction":[{"@type":"SearchAction","target":{"@type":"EntryPoint","urlTemplate":"https:\/\/www.aohq.ca\/?s={search_term_string}"},"query-input":{"@type":"PropertyValueSpecification","valueRequired":true,"valueName":"search_term_string"}}],"inLanguage":"en-US"},{"@type":"Organization","@id":"https:\/\/www.aohq.ca\/#organization","name":"Angio-oed\u00e8me H\u00e9r\u00e9ditaire du Qu\u00e9bec","url":"https:\/\/www.aohq.ca\/","logo":{"@type":"ImageObject","inLanguage":"en-US","@id":"https:\/\/www.aohq.ca\/#\/schema\/logo\/image\/","url":"https:\/\/www.aohq.ca\/wp-content\/uploads\/2019\/06\/AOH-icon_3.png","contentUrl":"https:\/\/www.aohq.ca\/wp-content\/uploads\/2019\/06\/AOH-icon_3.png","width":116,"height":63,"caption":"Angio-oed\u00e8me H\u00e9r\u00e9ditaire du Qu\u00e9bec"},"image":{"@id":"https:\/\/www.aohq.ca\/#\/schema\/logo\/image\/"},"sameAs":["https:\/\/www.facebook.com\/aohquebec\/","https:\/\/x.com\/aoh_quebec","https:\/\/www.linkedin.com\/in\/charles-st-pierre-3280aa140\/","https:\/\/www.youtube.com\/channel\/UCErz6mzQo7Qat9YLNFdg-xw"]}]}},"_links":{"self":[{"href":"https:\/\/www.aohq.ca\/en\/wp-json\/wp\/v2\/pages\/3472","targetHints":{"allow":["GET"]}}],"collection":[{"href":"https:\/\/www.aohq.ca\/en\/wp-json\/wp\/v2\/pages"}],"about":[{"href":"https:\/\/www.aohq.ca\/en\/wp-json\/wp\/v2\/types\/page"}],"author":[{"embeddable":true,"href":"https:\/\/www.aohq.ca\/en\/wp-json\/wp\/v2\/users\/1"}],"replies":[{"embeddable":true,"href":"https:\/\/www.aohq.ca\/en\/wp-json\/wp\/v2\/comments?post=3472"}],"version-history":[{"count":0,"href":"https:\/\/www.aohq.ca\/en\/wp-json\/wp\/v2\/pages\/3472\/revisions"}],"wp:attachment":[{"href":"https:\/\/www.aohq.ca\/en\/wp-json\/wp\/v2\/media?parent=3472"}],"curies":[{"name":"wp","href":"https:\/\/api.w.org\/{rel}","templated":true}]}}